{"id":319,"date":"2023-02-08T15:13:16","date_gmt":"2023-02-08T15:13:16","guid":{"rendered":"https:\/\/987aldia.com\/web\/?page_id=319"},"modified":"2023-02-09T11:02:35","modified_gmt":"2023-02-09T11:02:35","slug":"nosotros","status":"publish","type":"page","link":"https:\/\/987aldia.com\/web\/nosotros\/","title":{"rendered":"Nosotros"},"content":{"rendered":"\t\t<div data-elementor-type=\"wp-page\" data-elementor-id=\"319\" class=\"elementor elementor-319\">\n\t\t\t\t\t\t<section class=\"elementor-section elementor-top-section elementor-element elementor-element-2ecb53a9 elementor-section-content-middle elementor-section-boxed elementor-section-height-default elementor-section-height-default\" data-id=\"2ecb53a9\" data-element_type=\"section\" data-e-type=\"section\">\n\t\t\t\t\t\t<div class=\"elementor-container elementor-column-gap-no\">\n\t\t\t\t\t<div class=\"elementor-column elementor-col-50 elementor-top-column elementor-element elementor-element-76a7ab7a\" data-id=\"76a7ab7a\" data-element_type=\"column\" data-e-type=\"column\">\n\t\t\t<div class=\"elementor-widget-wrap elementor-element-populated\">\n\t\t\t\t\t\t<div class=\"elementor-element elementor-element-a4ea7b4 elementor-widget-divider--view-line elementor-widget elementor-widget-divider\" data-id=\"a4ea7b4\" data-element_type=\"widget\" data-e-type=\"widget\" data-widget_type=\"divider.default\">\n\t\t\t\t<div class=\"elementor-widget-container\">\n\t\t\t\t\t\t\t<div class=\"elementor-divider\">\n\t\t\t<span class=\"elementor-divider-separator\">\n\t\t\t\t\t\t<\/span>\n\t\t<\/div>\n\t\t\t\t\t\t<\/div>\n\t\t\t\t<\/div>\n\t\t\t\t<div class=\"elementor-element elementor-element-592f7af8 elementor-widget elementor-widget-heading\" data-id=\"592f7af8\" data-element_type=\"widget\" data-e-type=\"widget\" data-widget_type=\"heading.default\">\n\t\t\t\t<div class=\"elementor-widget-container\">\n\t\t\t\t\t<h4 class=\"elementor-heading-title elementor-size-default\">About<\/h4>\t\t\t\t<\/div>\n\t\t\t\t<\/div>\n\t\t\t\t\t<\/div>\n\t\t<\/div>\n\t\t\t\t<div class=\"elementor-column elementor-col-50 elementor-top-column elementor-element elementor-element-70cf93b4\" data-id=\"70cf93b4\" data-element_type=\"column\" data-e-type=\"column\">\n\t\t\t<div class=\"elementor-widget-wrap elementor-element-populated\">\n\t\t\t\t\t\t<div class=\"elementor-element elementor-element-7f8642b5 elementor-widget elementor-widget-text-editor\" data-id=\"7f8642b5\" data-element_type=\"widget\" data-e-type=\"widget\" data-widget_type=\"text-editor.default\">\n\t\t\t\t<div class=\"elementor-widget-container\">\n\t\t\t\t\t\t\t\t\t<p>987 al d\u00eda, es un concepto de diario digital que quiere trasladar a sus seguidores, la actualidad social de Le\u00f3n, su Provincia y su Comunidad Aut\u00f3noma, desde el prisma de la imparcialidad.<\/p><p>Queremos ser un referente en el d\u00eda a d\u00eda de nuestros lectores y poder llevarles la actualidad y la opini\u00f3n en todos los \u00e1mbitos de nuestra sociedad.<\/p><p>Para ello, contaremos con la colaboraci\u00f3n de profesionales de los medios y tambi\u00e9n con la ventana abierta a todos los lectores, que puedan trasladarnos sus opiniones, noticias y se conviertan en reporteros de la actualidad, envi\u00e1ndonos sus colaboraciones.<\/p>\t\t\t\t\t\t\t\t<\/div>\n\t\t\t\t<\/div>\n\t\t\t\t<div class=\"elementor-element elementor-element-59217fa5 elementor-widget elementor-widget-text-editor\" data-id=\"59217fa5\" data-element_type=\"widget\" data-e-type=\"widget\" data-widget_type=\"text-editor.default\">\n\t\t\t\t<div class=\"elementor-widget-container\">\n\t\t\t\t\t\t\t\t\t<div><p>987 Al D\u00eda es el peri\u00f3dico por y para sus lectores.<\/p><\/div><div>\u00a0<\/div>\t\t\t\t\t\t\t\t<\/div>\n\t\t\t\t<\/div>\n\t\t\t\t<div class=\"elementor-element elementor-element-da552af elementor-widget elementor-widget-text-editor\" data-id=\"da552af\" data-element_type=\"widget\" data-e-type=\"widget\" data-widget_type=\"text-editor.default\">\n\t\t\t\t<div class=\"elementor-widget-container\">\n\t\t\t\t\t\t\t\t\t<p>Fdo. La direcci\u00f3n de 987 Al D\u00eda.<\/p>\t\t\t\t\t\t\t\t<\/div>\n\t\t\t\t<\/div>\n\t\t\t\t\t<\/div>\n\t\t<\/div>\n\t\t\t\t\t<\/div>\n\t\t<\/section>\n\t\t\t\t<\/div>\n\t\t","protected":false},"excerpt":{"rendered":"<p>About 987 al d\u00eda, es un concepto de diario digital que quiere trasladar a sus seguidores, la actualidad social de Le\u00f3n, su Provincia y su Comunidad Aut\u00f3noma, desde el prisma de la imparcialidad. Queremos ser un referente en el d\u00eda a d\u00eda de nuestros lectores y poder llevarles la actualidad y la opini\u00f3n en todos [&hellip;]<\/p>\n","protected":false},"author":1,"featured_media":0,"parent":0,"menu_order":0,"comment_status":"closed","ping_status":"closed","template":"","meta":{"_monsterinsights_skip_tracking":false,"_monsterinsights_sitenote_active":false,"_monsterinsights_sitenote_note":"","_monsterinsights_sitenote_category":0,"site-container-style":"default","site-container-layout":"default","site-sidebar-layout":"default","disable-article-header":"default","disable-site-header":"default","disable-site-footer":"default","disable-content-area-spacing":"default","footnotes":""},"class_list":["post-319","page","type-page","status-publish","hentry"],"jetpack_sharing_enabled":true,"_links":{"self":[{"href":"https:\/\/987aldia.com\/web\/wp-json\/wp\/v2\/pages\/319","targetHints":{"allow":["GET"]}}],"collection":[{"href":"https:\/\/987aldia.com\/web\/wp-json\/wp\/v2\/pages"}],"about":[{"href":"https:\/\/987aldia.com\/web\/wp-json\/wp\/v2\/types\/page"}],"author":[{"embeddable":true,"href":"https:\/\/987aldia.com\/web\/wp-json\/wp\/v2\/users\/1"}],"replies":[{"embeddable":true,"href":"https:\/\/987aldia.com\/web\/wp-json\/wp\/v2\/comments?post=319"}],"version-history":[{"count":27,"href":"https:\/\/987aldia.com\/web\/wp-json\/wp\/v2\/pages\/319\/revisions"}],"predecessor-version":[{"id":428,"href":"https:\/\/987aldia.com\/web\/wp-json\/wp\/v2\/pages\/319\/revisions\/428"}],"wp:attachment":[{"href":"https:\/\/987aldia.com\/web\/wp-json\/wp\/v2\/media?parent=319"}],"curies":[{"name":"wp","href":"https:\/\/api.w.org\/{rel}","templated":true}]}}