{"id":598,"date":"2023-02-16T14:55:52","date_gmt":"2023-02-16T14:55:52","guid":{"rendered":"https:\/\/987aldia.com\/web\/?page_id=598"},"modified":"2025-11-23T16:22:38","modified_gmt":"2025-11-23T15:22:38","slug":"aviso-legal","status":"publish","type":"page","link":"https:\/\/987aldia.com\/web\/aviso-legal\/","title":{"rendered":"Aviso Legal"},"content":{"rendered":"\n<p>El presente&nbsp;<strong>AVISO LEGAL<\/strong>&nbsp;regula los derechos y obligaciones del&nbsp;<strong>987aldia.com<\/strong>&nbsp;y de los usuarios, en relaci\u00f3n al acceso, navegaci\u00f3n y utilizaci\u00f3n de la presente web sin perjuicio de que&nbsp;<strong>987aldia.com<\/strong>&nbsp;se reserve el derecho a modificar, sin previo aviso, su contenido, siendo vigentes las que se encuentren publicadas en el momento de navegaci\u00f3n.<\/p>\n\n\n\n<p>Mediante la navegaci\u00f3n, visualizaci\u00f3n y uso de esta web adquieres la condici\u00f3n de usuario, y por tanto implica por tu parte la aceptaci\u00f3n expresa de todas las cl\u00e1usulas que indicamos en el presente Aviso Legal, as\u00ed como el resto de advertencias o cl\u00e1usulas espec\u00edficas que se establezcan en las diferentes secciones para la contrataci\u00f3n, uso de servicios, productos, inscripciones, o secciones de la P\u00e1gina.<\/p>\n\n\n\n<p>Por lo que en caso de no aceptar las cl\u00e1usulas establecidas en el presente Aviso Legal, deber\u00e1s abstenerte de acceder y\/o utilizar los servicios y\/o contenidos puestos a tu disposici\u00f3n en la P\u00e1gina, procediendo a abandonar la misma.<\/p>\n\n\n\n<p><strong><strong>987aldia.com<\/strong><\/strong>&nbsp;podr\u00e1 dar por terminado, suspender o interrumpir, en cualquier momento sin necesidad de previo aviso, el acceso a los contenidos de la p\u00e1gina, sin posibilidad por parte del Usuario de exigir indemnizaci\u00f3n alguna. No obstante, en el caso de cierre de la plataforma, se tratar\u00e1 de devolver todo pago que se haya realizado por suscripciones anuales no completadas.<\/p>\n\n\n\n<p><strong><u>Informaci\u00f3n Personal y F\u00edsica del Responsable de la Web<\/u><\/strong><\/p>\n\n\n\n<p>\u00b7&nbsp;&nbsp;&nbsp;&nbsp;&nbsp;&nbsp;&nbsp;Identidad del Responsable: 987 al d\u00eda<\/p>\n\n\n\n<p>\u00b7&nbsp;&nbsp;&nbsp;&nbsp;&nbsp;&nbsp;&nbsp;Nombre comercial: 987 al d\u00eda<\/p>\n\n\n\n<p>\u00b7&nbsp;&nbsp;&nbsp;&nbsp;&nbsp;&nbsp;&nbsp;Correo electr\u00f3nico:&nbsp;redaccion@987aldia.es<\/p>\n\n\n\n<p><strong><u>Forma de Ingresos<\/u><\/strong><\/p>\n\n\n\n<p>La web de&nbsp;<strong><strong>987aldia.com<\/strong>&nbsp;<\/strong>es una p\u00e1gina corporativa que no genera de ingresos de forma online.<\/p>\n\n\n\n<p><strong><u>Caracter\u00edsticas de los Bienes o Servicios<\/u><\/strong><\/p>\n\n\n\n<p>Proporcionamos informaci\u00f3n sobre la actualidad, notas de prensa y noticias del d\u00eda a d\u00eda.<\/p>\n\n\n\n<p><strong><u>T\u00e9rminos de Uso<\/u><\/strong><\/p>\n\n\n\n<p>1.&nbsp;&nbsp;&nbsp;&nbsp;&nbsp;Si navega por esta web acepta t\u00e1citamente los t\u00e9rminos de uso y los t\u00e9rminos de privacidad, as\u00ed como declara haber le\u00eddo el aviso legal.<\/p>\n\n\n\n<p>2.&nbsp;&nbsp;&nbsp;&nbsp;&nbsp;Ni esta web ni sus representantes legales se hacen responsables ni del contenido ni de la veracidad de las pol\u00edticas de privacidad que puedan tener servicios terceros ajenos a esta web.<\/p>\n\n\n\n<p>3.&nbsp;&nbsp;&nbsp;&nbsp;&nbsp;Queda expresamente prohibida la copia o transcripci\u00f3n completa o parcial de cualquier texto de esta web para cualquier uso. Los textos de esta web est\u00e1n hechos s\u00f3lo para ser le\u00eddos, abst\u00e9nganse de usarlos para cualquier otro fin.<\/p>\n\n\n\n<p>4.&nbsp;&nbsp;&nbsp;&nbsp;&nbsp;Queda expresamente prohibida la copia o descarga de las im\u00e1genes de esta web.<\/p>\n\n\n\n<p>5.&nbsp;&nbsp;&nbsp;&nbsp;&nbsp;No est\u00e1 permitido el hotlinking de las im\u00e1genes de esta web.<\/p>\n\n\n\n<p>6.&nbsp;&nbsp;&nbsp;&nbsp;&nbsp;S\u00ed est\u00e1 permitido copiar y utilizar las estructuras HTML y estilos CSS utilizados en esta web, siempre que sea de forma parcial y nunca la totalidad del formato generando una web id\u00e9ntica a esta misma.<\/p>\n\n\n\n<p>7.&nbsp;&nbsp;&nbsp;En el caso de incumplimiento de estas condiciones, nos podemos ver obligados a tomar medidas legales oportunas.<\/p>\n","protected":false},"excerpt":{"rendered":"<p>El presente&nbsp;AVISO LEGAL&nbsp;regula los derechos y obligaciones del&nbsp;987aldia.com&nbsp;y de los usuarios, en relaci\u00f3n al acceso, navegaci\u00f3n y utilizaci\u00f3n de la presente web sin perjuicio de que&nbsp;987aldia.com&nbsp;se reserve el derecho a modificar, sin previo aviso, su contenido, siendo vigentes las que se encuentren publicadas en el momento de navegaci\u00f3n. Mediante la navegaci\u00f3n, visualizaci\u00f3n y uso de [&hellip;]<\/p>\n","protected":false},"author":1,"featured_media":0,"parent":0,"menu_order":0,"comment_status":"closed","ping_status":"closed","template":"","meta":{"_monsterinsights_skip_tracking":false,"_monsterinsights_sitenote_active":false,"_monsterinsights_sitenote_note":"","_monsterinsights_sitenote_category":0,"site-container-style":"default","site-container-layout":"default","site-sidebar-layout":"default","disable-article-header":"default","disable-site-header":"default","disable-site-footer":"default","disable-content-area-spacing":"default","footnotes":""},"class_list":["post-598","page","type-page","status-publish","hentry"],"jetpack_sharing_enabled":true,"_links":{"self":[{"href":"https:\/\/987aldia.com\/web\/wp-json\/wp\/v2\/pages\/598","targetHints":{"allow":["GET"]}}],"collection":[{"href":"https:\/\/987aldia.com\/web\/wp-json\/wp\/v2\/pages"}],"about":[{"href":"https:\/\/987aldia.com\/web\/wp-json\/wp\/v2\/types\/page"}],"author":[{"embeddable":true,"href":"https:\/\/987aldia.com\/web\/wp-json\/wp\/v2\/users\/1"}],"replies":[{"embeddable":true,"href":"https:\/\/987aldia.com\/web\/wp-json\/wp\/v2\/comments?post=598"}],"version-history":[{"count":2,"href":"https:\/\/987aldia.com\/web\/wp-json\/wp\/v2\/pages\/598\/revisions"}],"predecessor-version":[{"id":11073,"href":"https:\/\/987aldia.com\/web\/wp-json\/wp\/v2\/pages\/598\/revisions\/11073"}],"wp:attachment":[{"href":"https:\/\/987aldia.com\/web\/wp-json\/wp\/v2\/media?parent=598"}],"curies":[{"name":"wp","href":"https:\/\/api.w.org\/{rel}","templated":true}]}}